{"id":640,"date":"2026-01-08T14:46:21","date_gmt":"2026-01-08T19:46:21","guid":{"rendered":"https:\/\/canada.hyvolution.com\/actualites\/"},"modified":"2026-01-26T09:06:00","modified_gmt":"2026-01-26T14:06:00","slug":"news","status":"publish","type":"page","link":"https:\/\/canada.hyvolution.com\/en\/news\/","title":{"rendered":"News"},"content":{"rendered":"<section class=\"l-section wpb_row hero-section-height height_auto with_img\"><div class=\"l-section-img\" role=\"img\" aria-label=\"Image\" data-img-width=\"1920\" data-img-height=\"776\" style=\"background-image: url(https:\/\/canada.hyvolution.com\/assets\/2026\/01\/Header_Hyvolution.jpg);background-position: bottom right;background-repeat: no-repeat;\"><\/div><div class=\"l-section-h i-cf\"><div class=\"g-cols vc_row via_grid cols_1 laptops-cols_inherit tablets-cols_inherit mobiles-cols_1 valign_middle type_default stacking_default\"><div class=\"wpb_column vc_column_container\"><div class=\"vc_column-inner\"><div class=\"wpb_text_column us_custom_9631b82a has_text_color\"><div class=\"wpb_wrapper\"><h1>Our news<\/h1>\n<\/div><\/div><\/div><\/div><\/div><\/div><\/section><section class=\"l-section wpb_row height_auto\"><div class=\"l-section-h i-cf\"><div class=\"g-cols vc_row via_grid cols_2 laptops-cols_inherit tablets-cols_inherit mobiles-cols_1 valign_middle type_default stacking_default\"><div class=\"wpb_column vc_column_container\"><div class=\"vc_column-inner\"><div class=\"wpb_text_column\"><div class=\"wpb_wrapper\"><h2>FOLLOW OUR LATEST NEWS<\/h2>\n<\/div><\/div><div class=\"w-separator size_medium\"><\/div><div class=\"wpb_text_column\"><div class=\"wpb_wrapper\"><p>For its second edition on North American soil, Hyvolution Canada 2026 will bring together key players in the hydrogen sector: companies, universities, research institutions, governments and startups.<\/p>\n<\/div><\/div><\/div><\/div><div class=\"wpb_column vc_column_container\"><div class=\"vc_column-inner\"><div class=\"w-image us_custom_292cfa2c has_ratio align_none\"><div class=\"w-image-h\"><div style=\"padding-bottom:75%\"><\/div><img decoding=\"async\" width=\"1920\" height=\"1280\" src=\"https:\/\/canada.hyvolution.com\/assets\/2026\/01\/AdobeStock_398619457.jpg\" class=\"attachment-full size-full\" alt=\"\" loading=\"lazy\" \/><\/div><\/div><\/div><\/div><\/div><\/div><\/section><section class=\"l-section wpb_row us_custom_d599f866 placeholder-color height_auto\"><div class=\"l-section-h i-cf\"><div class=\"g-cols vc_row via_grid cols_1 laptops-cols_inherit tablets-cols_inherit mobiles-cols_1 valign_top type_default stacking_default\"><div class=\"wpb_column vc_column_container\"><div class=\"vc_column-inner\"><div class=\"w-grid us_post_list type_grid layout_362 grid-actualites cols_3 pagination_numbered preload_style_spinner\" id=\"us_post_list_g3ff\" style=\"--columns:3;--gap:1.5rem;\"><style>@media (max-width:1024px){#us_post_list_g3ff{--columns:2!important}}@media (max-width:769px){#us_post_list_g3ff{--columns:1!important}}.layout_362 .w-grid-item-h{}.layout_362 .usg_post_custom_field_2{text-transform:uppercase!important}<\/style><div class=\"w-grid-list\">\t<article class=\"w-grid-item size_1x1 post-815 nouvelles type-nouvelles status-publish hentry\" data-id=\"815\">\r\n\t\t<div class=\"w-grid-item-h\">\r\n\t\t\t\t\t\t<div class=\"w-post-elm post_custom_field usg_post_custom_field_1 type_image photo_de_la_nouvelle color_link_inherit has_ratio\"><a href=\"https:\/\/canada.hyvolution.com\/en\/nouvelles\/hyvolution-canada-et-une-forte-delegation-canadienne-a-hyvolution-paris\/\"><div style=\"padding-bottom:66.6667%\"><\/div><img decoding=\"async\" width=\"1920\" height=\"1446\" src=\"https:\/\/canada.hyvolution.com\/assets\/2026\/02\/PXL_20260129_081604465-scaled.jpg\" class=\"attachment-full size-full\" alt=\"\" srcset=\"https:\/\/canada.hyvolution.com\/assets\/2026\/02\/PXL_20260129_081604465-scaled.jpg 1920w, https:\/\/canada.hyvolution.com\/assets\/2026\/02\/PXL_20260129_081604465-300x226.jpg 300w, https:\/\/canada.hyvolution.com\/assets\/2026\/02\/PXL_20260129_081604465-1024x771.jpg 1024w\" sizes=\"(max-width: 1920px) 100vw, 1920px\" \/><\/a><\/div><p class=\"w-post-elm post_custom_field usg_post_custom_field_2 type_text date_de_la_nouvelle color_link_inherit\"><span class=\"w-post-elm-value\">February 2, 2026<\/span><\/p><h3 class=\"w-post-elm post_title usg_post_title_1 entry-title color_link_inherit\"><a href=\"https:\/\/canada.hyvolution.com\/en\/nouvelles\/hyvolution-canada-et-une-forte-delegation-canadienne-a-hyvolution-paris\/\">Hyvolution Canada and a Strong Canadian Deleg&hellip;<\/a><\/h3><p class=\"w-post-elm post_custom_field usg_post_custom_field_3 type_text description_de_la_nouvelle color_link_inherit\"><span class=\"w-post-elm-value\">Hyvolution Canada was proudly represented at the latest edition of Hyvolution Paris, the leading international event dedicated to hydrogen. Canada\u2019s participation stood out with one of the largest delegations in recent years, showcasing the dynamism of the sector across the country.<\/span><\/p>\t\t<\/div>\r\n\t\t\t<\/article>\r\n\t<article class=\"w-grid-item size_1x1 post-707 nouvelles type-nouvelles status-publish hentry\" data-id=\"707\">\r\n\t\t<div class=\"w-grid-item-h\">\r\n\t\t\t\t\t\t<div class=\"w-post-elm post_custom_field usg_post_custom_field_1 type_image photo_de_la_nouvelle color_link_inherit has_ratio\"><a href=\"https:\/\/canada.hyvolution.com\/en\/nouvelles\/andrew-stuart-named-honorary-chair-of-hyvolution-canada-2025\/\"><div style=\"padding-bottom:66.6667%\"><\/div><img decoding=\"async\" width=\"1200\" height=\"800\" src=\"https:\/\/canada.hyvolution.com\/assets\/2026\/01\/3x2_AndrewStuart_Linkedin_V2.jpg\" class=\"attachment-full size-full\" alt=\"\" srcset=\"https:\/\/canada.hyvolution.com\/assets\/2026\/01\/3x2_AndrewStuart_Linkedin_V2.jpg 1200w, https:\/\/canada.hyvolution.com\/assets\/2026\/01\/3x2_AndrewStuart_Linkedin_V2-300x200.jpg 300w, https:\/\/canada.hyvolution.com\/assets\/2026\/01\/3x2_AndrewStuart_Linkedin_V2-1024x683.jpg 1024w\" sizes=\"(max-width: 1200px) 100vw, 1200px\" \/><\/a><\/div><p class=\"w-post-elm post_custom_field usg_post_custom_field_2 type_text date_de_la_nouvelle color_link_inherit\"><span class=\"w-post-elm-value\">July 15, 2025<\/span><\/p><h3 class=\"w-post-elm post_title usg_post_title_1 entry-title color_link_inherit\"><a href=\"https:\/\/canada.hyvolution.com\/en\/nouvelles\/andrew-stuart-named-honorary-chair-of-hyvolution-canada-2025\/\">Andrew Stuart named Honorary Chair of Hyvolut&hellip;<\/a><\/h3><p class=\"w-post-elm post_custom_field usg_post_custom_field_3 type_text description_de_la_nouvelle color_link_inherit\"><span class=\"w-post-elm-value\">Hyvolution Canada is proud to announce the appointment of Mr. Andrew Stuart, co-founder of Hydrogen Optimized and President and CEO of Key DH Technologies, as Honorary Chair of its first-ever North American edition, to be held in Trois-Rivi\u00e8res on October 1 and 2, 2025.<\/span><\/p>\t\t<\/div>\r\n\t\t\t<\/article>\r\n\t<article class=\"w-grid-item size_1x1 post-728 nouvelles type-nouvelles status-publish hentry\" data-id=\"728\">\r\n\t\t<div class=\"w-grid-item-h\">\r\n\t\t\t\t\t\t<div class=\"w-post-elm post_custom_field usg_post_custom_field_1 type_image photo_de_la_nouvelle color_link_inherit has_ratio\"><a href=\"https:\/\/canada.hyvolution.com\/en\/nouvelles\/quebec-devient-partenaire-principal-dhyvolution-canada-2025\/\"><div style=\"padding-bottom:66.6667%\"><\/div><img decoding=\"async\" width=\"1200\" height=\"800\" src=\"https:\/\/canada.hyvolution.com\/assets\/2026\/01\/3x2_Quebec_Presentateur_LinkedIn.jpg\" class=\"attachment-full size-full\" alt=\"\" srcset=\"https:\/\/canada.hyvolution.com\/assets\/2026\/01\/3x2_Quebec_Presentateur_LinkedIn.jpg 1200w, https:\/\/canada.hyvolution.com\/assets\/2026\/01\/3x2_Quebec_Presentateur_LinkedIn-300x200.jpg 300w, https:\/\/canada.hyvolution.com\/assets\/2026\/01\/3x2_Quebec_Presentateur_LinkedIn-1024x683.jpg 1024w\" sizes=\"(max-width: 1200px) 100vw, 1200px\" \/><\/a><\/div><p class=\"w-post-elm post_custom_field usg_post_custom_field_2 type_text date_de_la_nouvelle color_link_inherit\"><span class=\"w-post-elm-value\">May 20, 2025<\/span><\/p><h3 class=\"w-post-elm post_title usg_post_title_1 entry-title color_link_inherit\"><a href=\"https:\/\/canada.hyvolution.com\/en\/nouvelles\/quebec-devient-partenaire-principal-dhyvolution-canada-2025\/\">Quebec becomes a main partner of Hyvolution C&hellip;<\/a><\/h3><p class=\"w-post-elm post_custom_field usg_post_custom_field_3 type_text description_de_la_nouvelle color_link_inherit\"><span class=\"w-post-elm-value\">Innovation et D\u00e9veloppement \u00e9conomique Trois-Rivi\u00e8res (IDE Trois-Rivi\u00e8res), organizer of Hyvolution Canada 2025, is proud to announce the conclusion of a main partnership with le minist\u00e8re de l\u2019\u00c9conomie, de l\u2019Innovation et de l\u2019\u00c9nergie for the very first Canadian edition of the show, which will be held on October 1 and 2, 2025 at the Centre d\u2019\u00e9v\u00e9nements et de congr\u00e8s interactifs (CECI) in Trois-Rivi\u00e8res.<\/span><\/p>\t\t<\/div>\r\n\t\t\t<\/article>\r\n\t<article class=\"w-grid-item size_1x1 post-729 nouvelles type-nouvelles status-publish hentry\" data-id=\"729\">\r\n\t\t<div class=\"w-grid-item-h\">\r\n\t\t\t\t\t\t<div class=\"w-post-elm post_custom_field usg_post_custom_field_1 type_image photo_de_la_nouvelle color_link_inherit has_ratio\"><a href=\"https:\/\/canada.hyvolution.com\/en\/nouvelles\/hyvolution-canadas-first-edition-will-take-place-on-october-1st-and-2nd-2025\/\"><div style=\"padding-bottom:66.6667%\"><\/div><img decoding=\"async\" width=\"1200\" height=\"800\" src=\"https:\/\/canada.hyvolution.com\/assets\/2026\/01\/3x2_HyvoCan_FlyeFR_front.jpg\" class=\"attachment-full size-full\" alt=\"\" srcset=\"https:\/\/canada.hyvolution.com\/assets\/2026\/01\/3x2_HyvoCan_FlyeFR_front.jpg 1200w, https:\/\/canada.hyvolution.com\/assets\/2026\/01\/3x2_HyvoCan_FlyeFR_front-300x200.jpg 300w, https:\/\/canada.hyvolution.com\/assets\/2026\/01\/3x2_HyvoCan_FlyeFR_front-1024x683.jpg 1024w\" sizes=\"(max-width: 1200px) 100vw, 1200px\" \/><\/a><\/div><p class=\"w-post-elm post_custom_field usg_post_custom_field_2 type_text date_de_la_nouvelle color_link_inherit\"><span class=\"w-post-elm-value\">January 30, 2024<\/span><\/p><h3 class=\"w-post-elm post_title usg_post_title_1 entry-title color_link_inherit\"><a href=\"https:\/\/canada.hyvolution.com\/en\/nouvelles\/hyvolution-canadas-first-edition-will-take-place-on-october-1st-and-2nd-2025\/\">Hyvolution Canada&#8217;s first edition will&hellip;<\/a><\/h3><p class=\"w-post-elm post_custom_field usg_post_custom_field_3 type_text description_de_la_nouvelle color_link_inherit\"><span class=\"w-post-elm-value\">With GreenTech+, the GL events group aimed to play its full part in addressing major environmental challenges, using a unique format that brings together and gives new visibility to emerging sectors. GreenTech+ is the accelerator through which this new entity within the GL events group is committed to supporting industry players in their development, researching tomorrow's solutions, and increasingly guiding our citizens towards eco-responsibility.<\/span><\/p>\t\t<\/div>\r\n\t\t\t<\/article>\r\n<\/div><div class=\"g-loadmore hidden\"><div class=\"g-preloader type_1\"><div><\/div><\/div><\/div><div class=\"w-grid-list-json hidden\" onclick='return {&quot;max_num_pages&quot;:1,&quot;paginationBase&quot;:&quot;page&quot;,&quot;pagination&quot;:&quot;numbered&quot;,&quot;paged&quot;:1,&quot;ajaxData&quot;:{&quot;action&quot;:&quot;us_ajax_post_list&quot;,&quot;meta_type&quot;:&quot;post&quot;,&quot;object_id&quot;:0,&quot;template_vars&quot;:{&quot;shortcode_base&quot;:&quot;us_post_list&quot;,&quot;paged&quot;:1,&quot;max_num_pages&quot;:1,&quot;no_results&quot;:false,&quot;us_post_content_design_css&quot;:[],&quot;found_posts&quot;:4,&quot;items_count&quot;:4,&quot;source&quot;:&quot;all&quot;,&quot;custom_field_name&quot;:&quot;&quot;,&quot;ids&quot;:&quot;&quot;,&quot;post_type&quot;:&quot;nouvelles&quot;,&quot;attachment_ids&quot;:null,&quot;include_post_thumbnail&quot;:0,&quot;post_author&quot;:&quot;any&quot;,&quot;post_author_ids&quot;:&quot;&quot;,&quot;apply_url_params&quot;:0,&quot;ignore_sticky_posts&quot;:1,&quot;exclude_children&quot;:0,&quot;exclude_current_post&quot;:1,&quot;exclude_prev_posts&quot;:0,&quot;exclude_past_events&quot;:0,&quot;enable_items_offset&quot;:0,&quot;items_offset&quot;:&quot;1&quot;,&quot;tax_query_relation&quot;:&quot;none&quot;,&quot;tax_query&quot;:[{&quot;operator&quot;:&quot;IN&quot;,&quot;taxonomy&quot;:&quot;category&quot;,&quot;terms&quot;:&quot;&quot;,&quot;include_children&quot;:0}],&quot;meta_query_relation&quot;:&quot;none&quot;,&quot;meta_query&quot;:[{&quot;key&quot;:&quot;custom_field_name&quot;,&quot;compare&quot;:&quot;=&quot;,&quot;value&quot;:&quot;&quot;}],&quot;orderby&quot;:&quot;date_de_la_nouvelle&quot;,&quot;orderby_custom_field&quot;:&quot;&quot;,&quot;orderby_custom_type&quot;:0,&quot;order_invert&quot;:&quot;1&quot;,&quot;show_all&quot;:0,&quot;quantity&quot;:&quot;9&quot;,&quot;posts_per_archive_page&quot;:0,&quot;no_items_action&quot;:&quot;message&quot;,&quot;no_items_message&quot;:&quot;Aucune nouvelle \\u00e0 afficher.&quot;,&quot;no_items_page_block&quot;:&quot;&quot;,&quot;pagination&quot;:&quot;numbered&quot;,&quot;pagination_style&quot;:&quot;&quot;,&quot;pagination_btn_text&quot;:&quot;Load More&quot;,&quot;pagination_btn_size&quot;:&quot;&quot;,&quot;pagination_btn_style&quot;:&quot;1&quot;,&quot;pagination_btn_fullwidth&quot;:0,&quot;items_layout&quot;:&quot;362&quot;,&quot;type&quot;:&quot;grid&quot;,&quot;items_valign&quot;:0,&quot;ignore_items_size&quot;:0,&quot;columns&quot;:&quot;3&quot;,&quot;items_gap&quot;:&quot;1.5rem&quot;,&quot;load_animation&quot;:&quot;none&quot;,&quot;items_preload_style&quot;:&quot;spinner&quot;,&quot;img_size&quot;:&quot;default&quot;,&quot;title_size&quot;:&quot;&quot;,&quot;items_ratio&quot;:&quot;default&quot;,&quot;items_ratio_width&quot;:&quot;21&quot;,&quot;items_ratio_height&quot;:&quot;9&quot;,&quot;overriding_link&quot;:&quot;%7B%22url%22%3A%22%22%7D&quot;,&quot;popup_page_template&quot;:&quot;0&quot;,&quot;popup_width&quot;:&quot;&quot;,&quot;popup_arrows&quot;:1,&quot;breakpoint_1_width&quot;:&quot;1609px&quot;,&quot;breakpoint_1_cols&quot;:&quot;default&quot;,&quot;breakpoint_1_quantity&quot;:&quot;&quot;,&quot;breakpoint_1_gap&quot;:&quot;&quot;,&quot;breakpoint_2_width&quot;:&quot;1025px&quot;,&quot;breakpoint_2_cols&quot;:&quot;2&quot;,&quot;breakpoint_2_quantity&quot;:&quot;&quot;,&quot;breakpoint_2_gap&quot;:&quot;&quot;,&quot;breakpoint_3_width&quot;:&quot;770px&quot;,&quot;breakpoint_3_cols&quot;:&quot;1&quot;,&quot;breakpoint_3_quantity&quot;:&quot;&quot;,&quot;breakpoint_3_gap&quot;:&quot;&quot;,&quot;conditions_operator&quot;:&quot;always&quot;,&quot;conditions&quot;:[],&quot;css&quot;:null,&quot;el_class&quot;:&quot;&quot;,&quot;el_id&quot;:&quot;&quot;,&quot;enable_custom_html_atts&quot;:0,&quot;custom_html_atts&quot;:null,&quot;hide_on_states&quot;:&quot;&quot;,&quot;hide_for_sticky&quot;:0,&quot;hide_for_not_sticky&quot;:0,&quot;hide_below&quot;:&quot;0px&quot;,&quot;hide_above&quot;:&quot;0px&quot;,&quot;classes&quot;:&quot;&quot;}},&quot;facetedFilter&quot;:[]}'><\/div><\/div><\/div><\/div><\/div><\/div><\/section><section class=\"l-section wpb_row us_custom_5c776205 half-padding-section accueil-section-nouvelles-solutions height_auto\"><div class=\"l-section-h i-cf\"><div class=\"g-cols vc_row via_grid cols_1 laptops-cols_inherit tablets-cols_inherit mobiles-cols_1 valign_top type_default stacking_default\"><div class=\"wpb_column vc_column_container\"><div class=\"vc_column-inner\"><div class=\"g-cols wpb_row us_custom_cea6d8f8 inner-section has_text_color via_grid cols_2 laptops-cols_inherit tablets-cols_inherit mobiles-cols_1 valign_middle type_default stacking_default\" style=\"--columns-gap:3rem;\"><div class=\"wpb_column vc_column_container\"><div class=\"vc_column-inner\"><div class=\"wpb_text_column\"><div class=\"wpb_wrapper\"><h2>FIND NEW SOLUTIONS FOR YOUR FUTURE PROJECTS<\/h2>\n<\/div><\/div><\/div><\/div><div class=\"wpb_column vc_column_container\"><div class=\"vc_column-inner\"><div class=\"wpb_text_column\"><div class=\"wpb_wrapper\"><p>Now in its second year, Hyvolution Canada is expected to welcome more than 400 participants from various sectors to take advantage of new opportunities offered by hydrogen.<\/p>\n<\/div><\/div><div class=\"w-separator size_medium\"><\/div><div class=\"w-hwrapper valign_top wrap align_none\"><div class=\"w-btn-wrapper align_none\"><a class=\"w-btn us-btn-style_1 arrow-up-right-rotation icon_atright\" href=\"\/en\/2026-program\"><span class=\"w-btn-label\">See 2026 program<\/span><i class=\"far fa-arrow-up\"><\/i><\/a><\/div><div class=\"w-btn-wrapper align_none\"><a class=\"w-btn us-btn-style_2 arrow-up-right-rotation icon_atright\" target=\"_blank\" href=\"https:\/\/dashboard.pairconnex.app\/\/ticketing\/order?id=4d26a557-81e6-4a7c-b6bf-904625b54d40&amp;roleid=f56fd93e-9afb-46fd-a6a2-bc275d44e918,1507bc62-f15c-4edf-96d8-696d4a7a3e16\"><span class=\"w-btn-label\">Buy now<\/span><i class=\"far fa-arrow-up\"><\/i><\/a><\/div><\/div><\/div><\/div><\/div><\/div><\/div><\/div><\/div><\/section>\n","protected":false},"excerpt":{"rendered":"","protected":false},"author":1,"featured_media":0,"parent":0,"menu_order":0,"comment_status":"closed","ping_status":"closed","template":"","meta":{"_acf_changed":false,"footnotes":""},"class_list":["post-640","page","type-page","status-publish","hentry"],"acf":[],"yoast_head":"<!-- This site is optimized with the Yoast SEO plugin v26.8 - https:\/\/yoast.com\/product\/yoast-seo-wordpress\/ -->\n<title>News | Hyvolution Canada<\/title>\n<meta name=\"description\" content=\"Discover the latest news on Hyvolution Canada 2026, a key event for the hydrogen sector in North America.\" \/>\n<meta name=\"robots\" content=\"index, follow, max-snippet:-1, max-image-preview:large, max-video-preview:-1\" \/>\n<link rel=\"canonical\" href=\"https:\/\/canada.hyvolution.com\/en\/news\/\" \/>\n<meta property=\"og:locale\" content=\"en_US\" \/>\n<meta property=\"og:type\" content=\"article\" \/>\n<meta property=\"og:title\" content=\"News | Hyvolution Canada\" \/>\n<meta property=\"og:description\" content=\"Discover the latest news on Hyvolution Canada 2026, a key event for the hydrogen sector in North America.\" \/>\n<meta property=\"og:url\" content=\"https:\/\/canada.hyvolution.com\/en\/news\/\" \/>\n<meta property=\"og:site_name\" content=\"Hyvolution Canada\" \/>\n<meta property=\"article:modified_time\" content=\"2026-01-26T14:06:00+00:00\" \/>\n<meta name=\"twitter:card\" content=\"summary_large_image\" \/>\n<meta name=\"twitter:label1\" content=\"Est. reading time\" \/>\n\t<meta name=\"twitter:data1\" content=\"1 minute\" \/>\n<script type=\"application\/ld+json\" class=\"yoast-schema-graph\">{\"@context\":\"https:\/\/schema.org\",\"@graph\":[{\"@type\":\"WebPage\",\"@id\":\"https:\/\/canada.hyvolution.com\/en\/news\/\",\"url\":\"https:\/\/canada.hyvolution.com\/en\/news\/\",\"name\":\"News | Hyvolution Canada\",\"isPartOf\":{\"@id\":\"https:\/\/canada.hyvolution.com\/en\/#website\"},\"datePublished\":\"2026-01-08T19:46:21+00:00\",\"dateModified\":\"2026-01-26T14:06:00+00:00\",\"description\":\"Discover the latest news on Hyvolution Canada 2026, a key event for the hydrogen sector in North America.\",\"breadcrumb\":{\"@id\":\"https:\/\/canada.hyvolution.com\/en\/news\/#breadcrumb\"},\"inLanguage\":\"en-US\",\"potentialAction\":[{\"@type\":\"ReadAction\",\"target\":[\"https:\/\/canada.hyvolution.com\/en\/news\/\"]}]},{\"@type\":\"BreadcrumbList\",\"@id\":\"https:\/\/canada.hyvolution.com\/en\/news\/#breadcrumb\",\"itemListElement\":[{\"@type\":\"ListItem\",\"position\":1,\"name\":\"Accueil\",\"item\":\"https:\/\/canada.hyvolution.com\/en\/\"},{\"@type\":\"ListItem\",\"position\":2,\"name\":\"News\"}]},{\"@type\":\"WebSite\",\"@id\":\"https:\/\/canada.hyvolution.com\/en\/#website\",\"url\":\"https:\/\/canada.hyvolution.com\/en\/\",\"name\":\"Hyvolution Canada\",\"description\":\"A World of Hydrogen\",\"publisher\":{\"@id\":\"https:\/\/canada.hyvolution.com\/en\/#organization\"},\"potentialAction\":[{\"@type\":\"SearchAction\",\"target\":{\"@type\":\"EntryPoint\",\"urlTemplate\":\"https:\/\/canada.hyvolution.com\/en\/?s={search_term_string}\"},\"query-input\":{\"@type\":\"PropertyValueSpecification\",\"valueRequired\":true,\"valueName\":\"search_term_string\"}}],\"inLanguage\":\"en-US\"},{\"@type\":\"Organization\",\"@id\":\"https:\/\/canada.hyvolution.com\/en\/#organization\",\"name\":\"Hyvolution Canada\",\"url\":\"https:\/\/canada.hyvolution.com\/en\/\",\"logo\":{\"@type\":\"ImageObject\",\"inLanguage\":\"en-US\",\"@id\":\"https:\/\/canada.hyvolution.com\/en\/#\/schema\/logo\/image\/\",\"url\":\"https:\/\/canada.hyvolution.com\/assets\/2026\/01\/LOGO_Logo_HYVOLUTION-CANADA_bleu.svg\",\"contentUrl\":\"https:\/\/canada.hyvolution.com\/assets\/2026\/01\/LOGO_Logo_HYVOLUTION-CANADA_bleu.svg\",\"width\":\"1024\",\"height\":\"1024\",\"caption\":\"Hyvolution Canada\"},\"image\":{\"@id\":\"https:\/\/canada.hyvolution.com\/en\/#\/schema\/logo\/image\/\"}}]}<\/script>\n<!-- \/ Yoast SEO plugin. -->","yoast_head_json":{"title":"News | Hyvolution Canada","description":"Discover the latest news on Hyvolution Canada 2026, a key event for the hydrogen sector in North America.","robots":{"index":"index","follow":"follow","max-snippet":"max-snippet:-1","max-image-preview":"max-image-preview:large","max-video-preview":"max-video-preview:-1"},"canonical":"https:\/\/canada.hyvolution.com\/en\/news\/","og_locale":"en_US","og_type":"article","og_title":"News | Hyvolution Canada","og_description":"Discover the latest news on Hyvolution Canada 2026, a key event for the hydrogen sector in North America.","og_url":"https:\/\/canada.hyvolution.com\/en\/news\/","og_site_name":"Hyvolution Canada","article_modified_time":"2026-01-26T14:06:00+00:00","twitter_card":"summary_large_image","twitter_misc":{"Est. reading time":"1 minute"},"schema":{"@context":"https:\/\/schema.org","@graph":[{"@type":"WebPage","@id":"https:\/\/canada.hyvolution.com\/en\/news\/","url":"https:\/\/canada.hyvolution.com\/en\/news\/","name":"News | Hyvolution Canada","isPartOf":{"@id":"https:\/\/canada.hyvolution.com\/en\/#website"},"datePublished":"2026-01-08T19:46:21+00:00","dateModified":"2026-01-26T14:06:00+00:00","description":"Discover the latest news on Hyvolution Canada 2026, a key event for the hydrogen sector in North America.","breadcrumb":{"@id":"https:\/\/canada.hyvolution.com\/en\/news\/#breadcrumb"},"inLanguage":"en-US","potentialAction":[{"@type":"ReadAction","target":["https:\/\/canada.hyvolution.com\/en\/news\/"]}]},{"@type":"BreadcrumbList","@id":"https:\/\/canada.hyvolution.com\/en\/news\/#breadcrumb","itemListElement":[{"@type":"ListItem","position":1,"name":"Accueil","item":"https:\/\/canada.hyvolution.com\/en\/"},{"@type":"ListItem","position":2,"name":"News"}]},{"@type":"WebSite","@id":"https:\/\/canada.hyvolution.com\/en\/#website","url":"https:\/\/canada.hyvolution.com\/en\/","name":"Hyvolution Canada","description":"A World of Hydrogen","publisher":{"@id":"https:\/\/canada.hyvolution.com\/en\/#organization"},"potentialAction":[{"@type":"SearchAction","target":{"@type":"EntryPoint","urlTemplate":"https:\/\/canada.hyvolution.com\/en\/?s={search_term_string}"},"query-input":{"@type":"PropertyValueSpecification","valueRequired":true,"valueName":"search_term_string"}}],"inLanguage":"en-US"},{"@type":"Organization","@id":"https:\/\/canada.hyvolution.com\/en\/#organization","name":"Hyvolution Canada","url":"https:\/\/canada.hyvolution.com\/en\/","logo":{"@type":"ImageObject","inLanguage":"en-US","@id":"https:\/\/canada.hyvolution.com\/en\/#\/schema\/logo\/image\/","url":"https:\/\/canada.hyvolution.com\/assets\/2026\/01\/LOGO_Logo_HYVOLUTION-CANADA_bleu.svg","contentUrl":"https:\/\/canada.hyvolution.com\/assets\/2026\/01\/LOGO_Logo_HYVOLUTION-CANADA_bleu.svg","width":"1024","height":"1024","caption":"Hyvolution Canada"},"image":{"@id":"https:\/\/canada.hyvolution.com\/en\/#\/schema\/logo\/image\/"}}]}},"_links":{"self":[{"href":"https:\/\/canada.hyvolution.com\/en\/wp-json\/wp\/v2\/pages\/640","targetHints":{"allow":["GET"]}}],"collection":[{"href":"https:\/\/canada.hyvolution.com\/en\/wp-json\/wp\/v2\/pages"}],"about":[{"href":"https:\/\/canada.hyvolution.com\/en\/wp-json\/wp\/v2\/types\/page"}],"author":[{"embeddable":true,"href":"https:\/\/canada.hyvolution.com\/en\/wp-json\/wp\/v2\/users\/1"}],"replies":[{"embeddable":true,"href":"https:\/\/canada.hyvolution.com\/en\/wp-json\/wp\/v2\/comments?post=640"}],"version-history":[{"count":0,"href":"https:\/\/canada.hyvolution.com\/en\/wp-json\/wp\/v2\/pages\/640\/revisions"}],"wp:attachment":[{"href":"https:\/\/canada.hyvolution.com\/en\/wp-json\/wp\/v2\/media?parent=640"}],"curies":[{"name":"wp","href":"https:\/\/api.w.org\/{rel}","templated":true}]}}